{"id":13,"date":"2018-08-25T20:11:39","date_gmt":"2018-08-25T18:11:39","guid":{"rendered":"http:\/\/farshi.de\/Farshi2018_WP\/?page_id=13"},"modified":"2018-10-14T12:31:22","modified_gmt":"2018-10-14T10:31:22","slug":"ab_hauptseite","status":"publish","type":"page","link":"http:\/\/farshi.de\/Farshi2018_WP\/","title":{"rendered":"Herzlich willkommen"},"content":{"rendered":"<p><img decoding=\"async\" loading=\"lazy\" class=\"size-full wp-image-197 aligncenter\" src=\"http:\/\/farshi.de\/Farshi2018_WP\/wp-content\/uploads\/2018\/10\/Abbas_Farshi_Bild1.gif\" alt=\"\" width=\"177\" height=\"236\" \/><\/p>\n<p>Ich heisse Abbas Sheikh Farshi und bin im Iran in der Stadt Isfahan geboren und lebe seit 1981 in Deutschland. Nach Abschluss meines Maschinenbaustudiums an der <a href=\"https:\/\/www.htwsaar.de\" target=\"_blank\" rel=\"noopener\">Hochschule f\u00fcr Technik und Wirtschaft des Saarlandes<\/a> arbeite ich als Computer-Systemverwalter im <a href=\"http:\/\/ecc.htwsaar.de\" target=\"_blank\" rel=\"noopener\">Engineering Competence Center<\/a> des Fachbereichs Maschinenbau.<br \/>\nIch werde versuchen, diese Internetseiten st\u00e4ndig zu \u00fcberarbeiten, um aktuelle Informationen und Wissenwertes aus aller Welt, vor allen aus dem Iran, pr\u00e4sentieren zu k\u00f6nnen.<br \/>\nUm diesen Ziel zu erreichen sind n\u00fctzliche Kritik und vor allem gute Vorschl\u00e4ge bei <span id=\"cloak83711\"><a href=\"mailto:info@farshi.de?subject=Meldung, Internetseiten\">mir<\/a><\/span> immer willkommen.<\/p>\n","protected":false},"excerpt":{"rendered":"<p>Ich heisse Abbas Sheikh Farshi und bin im Iran in der Stadt Isfahan geboren und lebe seit 1981 in Deutschland. Nach Abschluss meines Maschinenbaustudiums an der Hochschule f\u00fcr Technik und Wirtschaft des Saarlandes arbeite ich als Computer-Systemverwalter im Engineering Competence Center des Fachbereichs Maschinenbau. Ich werde versuchen, diese Internetseiten st\u00e4ndig zu \u00fcberarbeiten, um aktuelle Informationen [&hellip;]<\/p>\n","protected":false},"author":1,"featured_media":0,"parent":0,"menu_order":0,"comment_status":"closed","ping_status":"closed","template":"","meta":[],"translation":{"provider":"WPGlobus","version":"2.10.8","language":"de","enabled_languages":["de","fa"],"languages":{"de":{"title":true,"content":true,"excerpt":false},"fa":{"title":true,"content":true,"excerpt":false}}},"_links":{"self":[{"href":"http:\/\/farshi.de\/Farshi2018_WP\/wp-json\/wp\/v2\/pages\/13"}],"collection":[{"href":"http:\/\/farshi.de\/Farshi2018_WP\/wp-json\/wp\/v2\/pages"}],"about":[{"href":"http:\/\/farshi.de\/Farshi2018_WP\/wp-json\/wp\/v2\/types\/page"}],"author":[{"embeddable":true,"href":"http:\/\/farshi.de\/Farshi2018_WP\/wp-json\/wp\/v2\/users\/1"}],"replies":[{"embeddable":true,"href":"http:\/\/farshi.de\/Farshi2018_WP\/wp-json\/wp\/v2\/comments?post=13"}],"version-history":[{"count":7,"href":"http:\/\/farshi.de\/Farshi2018_WP\/wp-json\/wp\/v2\/pages\/13\/revisions"}],"predecessor-version":[{"id":199,"href":"http:\/\/farshi.de\/Farshi2018_WP\/wp-json\/wp\/v2\/pages\/13\/revisions\/199"}],"wp:attachment":[{"href":"http:\/\/farshi.de\/Farshi2018_WP\/wp-json\/wp\/v2\/media?parent=13"}],"curies":[{"name":"wp","href":"https:\/\/api.w.org\/{rel}","templated":true}]}}