{"id":41,"date":"2018-08-25T21:36:10","date_gmt":"2018-08-25T19:36:10","guid":{"rendered":"http:\/\/farshi.de\/Farshi2018_WP\/?page_id=41"},"modified":"2018-08-26T17:24:03","modified_gmt":"2018-08-26T15:24:03","slug":"iran-das-land","status":"publish","type":"page","link":"http:\/\/farshi.de\/Farshi2018_WP\/iran-das-land\/","title":{"rendered":"Iran, das Land"},"content":{"rendered":"<p style=\"text-align: center;\"><a href=\"http:\/\/www.farshi.de\/Farshi\/index.php\/de\/iranf\" target=\"_blank\" rel=\"noopener\">Fotoalbum Iran<\/a><\/p>\n<p>Iran (laut Duden: der Iran) \u201eim altpersischen: Land der Arier\u201c liegt im Mittleren Osten (Zwischen 25\u00b0 und 40\u00b0 n\u00f6rdlicher Breite sowie zwischen 44\u00b0 und 64\u00b0 \u00f6stlicher L\u00e4nge).<\/p>\n<p>angrenzende L\u00e4nder:<\/p>\n<p style=\"padding-left: 60px;\">T\u00fcrkei und dem Irak im Westen<\/p>\n<p style=\"padding-left: 60px;\">Afghanistan und Pakistan im Osten<\/p>\n<p style=\"padding-left: 60px;\">Turkmenistan, die Republik Aserbaidschan und die Republik Armenien im norden<\/p>\n<p style=\"padding-left: 60px;\">Persischen Golf und den Golf von Oman im S\u00fcden<\/p>\n<p>Tiefster Punkt:\u00a0 Kaspisches Meer mit -28 m<br \/>\nW\u00e4hrung: \u00a0 \u00a0 \u00a0 \u00a0\u00a0 Rial<br \/>\nHauptstadt:\u00a0\u00a0\u00a0\u00a0\u00a0\u00a0Tehran<br \/>\nFl\u00e4che:\u00a0\u00a0\u00a0\u00a0\u00a0\u00a0\u00a0\u00a0\u00a0\u00a0\u00a0\u00a0 1,648,000 Quadratkilometer, bez\u00fcglich der Fl\u00e4che an 16. Stelle aller L\u00e4nder der Erde<br \/>\nEinwohner:\u00a0\u00a0\u00a0\u00a0\u00a0\u00a0ca. \u06f8\u06f0 Mio.(Stand: 2016)<br \/>\nWasserfl\u00e4che: 12000 qkm<br \/>\nnat\u00fcrliche resourcen: Petroleum, Naturgas, coal, chromium, Kupfer, Eisenerz, Magnesium und Zink<\/p>\n<p><strong>Perser oder Iraner Persien oder Iran?<\/strong><br \/>\nDas Volk nannte seinen stets Iran. In Westeuropa hatte sich jedoch der Name Persien im Sprachgebrauch behauptet, nach dem K\u00f6nigreich im S\u00fcden des Landes. Die im Abendland bis ins 20. Jahrhundert gebr\u00e4uchliche Bezeichnung Persian geht auf die Zeit der Ach\u00e4meniden zur\u00fcruck, die im 6. Jahrhundert v. Chr. ein erstes persisches Grossreich schufen. Dessen Kerngebiet war die von den Griechen so genannte Landschaft Persis, die heutige Provinz Fars um Shiraz. Von ihr leitet sich auch der Name Farsi oder persische Sprache ab<br \/>\nSchon 1934 drang der Schah darauf, sein Land fortan ausschlie\u00dflich Iran ( Land der Arier) zu nennen. Denn nur die H\u00e4lfte der Bev\u00f6lkerung sind Perser (51% Perser, 24% Azeri, 8%, Gilaki\/Mazandarani, 7% Kurden, 3% Araber, 5% andere). Der Name Persien verschwand aber erst vollends mit der islamischen Revolution im Jahre 1979. Seitdem heisst der Staat Islamische Republik Iran.<br \/>\nDie Amtssprache ist Neupersisch (Farsi), eine Sprache die zum indoiranischen Zweig der indogermanischen Sprachfamilie geh\u00f6rt. Farsi stammt aus Mittelpersien und wird mit den Zeichen des arabischen Alphabets geschrieben.<\/p>\n<p><strong>iranische Flagge (seit 1980)<\/strong><br \/>\nEine Trikolore (gr\u00fcn, weiss, rot). Oberhalb und unterhalb des mittleren weissen Streifens ist der Ruf \u201eGott ist gross\u201c zu lesen Beschreibung: In der Flaggenmitte sieht man ist ein stilisierter Globus als Zeichen f\u00fcr die Macht der V\u00f6lker der ganzen Welt zu sehe sowie vier angedeutete Halbmonde, die f\u00fcr die gew\u00fcnschte Ausbreitung des Islams stehen. Ein Schwert demonstriert den Mut.<\/p>\n<p><strong>Seen und Binnenseen<\/strong><br \/>\n\u00fcber 1200 Kilometer lang, fast 500 Km breit und bis zu 1000 Meter tief: Das Kaspische Meer ist der gr\u00f6sste See der Erde. Er ist auch einer der \u00e4lteste Seen der Erde, der breits im Erdaltertum entstand<br \/>\nDie Provinzen Gilan und Mazandaran grenzen an das Kaspischen Meer mit Anbaugebieten f\u00fcr Reis, Baumwolle, Tabak und Zitrusfr\u00fcchte. Das Kaspischen Merr unterliegt einer st\u00e4ndigen Schrumpfung.<\/p>\n<p><strong>Andere Seen<\/strong><br \/>\nSeetan (Im Norden von Provinz Sistan w Bal\u00fcchestan), Urimiyeh See (West Azarbayjan), Namak See (in der N\u00e4he der Stadt Ghom, ca 130 KM s\u00fcdlich von Tehran), Bakhtegan-, und Tascht-See (in der Provinz Fars), Zayandeh-rud ist der gr\u00f6sste Fluss im Zentraliran.<\/p>\n<p><strong>Gebirge<\/strong><br \/>\nZagros Gebirge (4500 m) zieht von West bis S\u00fcd. Die Gipfel erreichen H\u00f6hen zwischen 4000 und 4500 m.<br \/>\nThe Alborz Gebirge zieht sich entlang des Kaspischen Meers. Der h\u00f6chste Erhebung ist der Vulkan &#8222;Damavand&#8220; , dessen Gipfel eine H\u00f6he von 5650 meter erreicht. Damavand ist etwa 60 Km von Kaspischen Meer entfernt und ist von Tehran aus noch zu sehen.<\/p>\n<p><strong>W\u00fcsten<\/strong><br \/>\nIn der Mitte vom Iran (ca. 25% des Staatsgebietes ) liegt eine grosse Leere, bestehend aus zwei W\u00fcsten:<br \/>\nEine W\u00fcste aus Steinen, Sand und Salz, der Dascht-e-Kavir, ehemaliger Salzsee<br \/>\nDascht-e-Lut, W\u00fcste im S\u00fcden, ein so gut wie undurchdringliches Sandmeer.<\/p>\n<p><strong>Verwaltungsstruktur des Landes<\/strong><\/p>\n<p>30 Provinzen (Der Stadt ist dort durch einen Generalgouverneur vertreten. )<\/p>\n<p>172 Gouvernements (&#8222;Shahrestan&#8220; ist einen Unterteilung des Ostan). An der Spitze eines Sharhestan steht der Gouverneur. )<\/p>\n<p>499 Distrikte (Die &#8222;Farmandari&#8220; geniesst eine gewisse Verwaltungsautonomie.)<\/p>\n<p style=\"padding-left: 30px;\">&#8222;Ostan&#8220; (der Provinz)<br \/>\nArdabil<br \/>\nAzarbayjan-e Gharbi<br \/>\nAzarbayjan-e Sharqi<br \/>\nBushehr<br \/>\nChahar Mahal va Bakhtiari<br \/>\nEsfahan (Isfahan)<br \/>\nFars<br \/>\nGilan<br \/>\nGorgan (Golestan)<br \/>\nHamadan<br \/>\nHormozgan<br \/>\nIlam<br \/>\nKerman<br \/>\nKermanshah<br \/>\nKhorasane Shomali (Nord)<br \/>\nKhorasane Jonobi (s\u00fcd)<br \/>\nKhorasane Rasawi<br \/>\nKohkiluyeh va Boyer Ahmad<br \/>\nKhuzestan<br \/>\nKordestan<br \/>\nLorestan<br \/>\nMarkazi<br \/>\nMazandaran<br \/>\nQazvin<br \/>\nQom<br \/>\nSemnan<br \/>\nSistan va Baluchestan<br \/>\nTehran<br \/>\nYazd<br \/>\nZanjan<\/p>\n","protected":false},"excerpt":{"rendered":"<p>Fotoalbum Iran Iran (laut Duden: der Iran) \u201eim altpersischen: Land der Arier\u201c liegt im Mittleren Osten (Zwischen 25\u00b0 und 40\u00b0 n\u00f6rdlicher Breite sowie zwischen 44\u00b0 und 64\u00b0 \u00f6stlicher L\u00e4nge). angrenzende L\u00e4nder: T\u00fcrkei und dem Irak im Westen Afghanistan und Pakistan im Osten Turkmenistan, die Republik Aserbaidschan und die Republik Armenien im norden Persischen Golf und [&hellip;]<\/p>\n","protected":false},"author":1,"featured_media":0,"parent":0,"menu_order":0,"comment_status":"closed","ping_status":"closed","template":"","meta":[],"translation":{"provider":"WPGlobus","version":"2.10.8","language":"de","enabled_languages":["de","fa"],"languages":{"de":{"title":true,"content":true,"excerpt":false},"fa":{"title":true,"content":true,"excerpt":false}}},"_links":{"self":[{"href":"http:\/\/farshi.de\/Farshi2018_WP\/wp-json\/wp\/v2\/pages\/41"}],"collection":[{"href":"http:\/\/farshi.de\/Farshi2018_WP\/wp-json\/wp\/v2\/pages"}],"about":[{"href":"http:\/\/farshi.de\/Farshi2018_WP\/wp-json\/wp\/v2\/types\/page"}],"author":[{"embeddable":true,"href":"http:\/\/farshi.de\/Farshi2018_WP\/wp-json\/wp\/v2\/users\/1"}],"replies":[{"embeddable":true,"href":"http:\/\/farshi.de\/Farshi2018_WP\/wp-json\/wp\/v2\/comments?post=41"}],"version-history":[{"count":10,"href":"http:\/\/farshi.de\/Farshi2018_WP\/wp-json\/wp\/v2\/pages\/41\/revisions"}],"predecessor-version":[{"id":85,"href":"http:\/\/farshi.de\/Farshi2018_WP\/wp-json\/wp\/v2\/pages\/41\/revisions\/85"}],"wp:attachment":[{"href":"http:\/\/farshi.de\/Farshi2018_WP\/wp-json\/wp\/v2\/media?parent=41"}],"curies":[{"name":"wp","href":"https:\/\/api.w.org\/{rel}","templated":true}]}}