{"id":42,"date":"2018-08-25T21:36:10","date_gmt":"2018-08-25T19:36:10","guid":{"rendered":"http:\/\/farshi.de\/Farshi2018_WP\/?page_id=42"},"modified":"2018-08-25T22:35:58","modified_gmt":"2018-08-25T20:35:58","slug":"stadt-tehran-teheran","status":"publish","type":"page","link":"http:\/\/farshi.de\/Farshi2018_WP\/stadt-tehran-teheran\/","title":{"rendered":"Stadt Tehran \/ Teheran"},"content":{"rendered":"<p>Teheran (auch Tehran) ist die Hauptstadt des Iran und der gleichnamigen Provinz. Der Name leitet sich wohl vom altpersischen Wort &#8222;tehran&#8220;, was soviel wie warmer Ort heisst, ab. Nach offiziellen Angaben leben \u00fcber 14 Mio Menschen in der eigentlichen Stadt und \u00fcber 11 mio. in der Provinz Teheran (Stand: Juli 2004).<br \/>\nDie Stadt liegt s\u00fcdlich des Elbursgebirges und des Kaspischen Meeres. Die Stadt liegt auf einem Hochplateau mit einer durchschnittlichen H\u00fche von 1200 m \u00fc NN (zwischen 1100 bis 1700 m).<\/p>\n<div align=\"center\"><img decoding=\"async\" loading=\"lazy\" class=\"alignnone\" src=\"http:\/\/www.farshi.de\/Farshi\/images\/Aks\/Darake.jpg\" alt=\"Darake\" width=\"400\" height=\"600\" \/><\/div>\n<p>Die erste geschichtliche Erw\u00e4hnung einer unbedeutenden Ansiedlung namens Teheran l\u00e4sst sich auf das Jahr 942 datieren. Die Ansiedlung mit Obstg\u00e4rten war in der N\u00e4he der seldschukischen Residenzstadt Ray. Trotz der Umwallung unter den Safawiden kam Teheran nicht \u00fcber das Stadium einer Provinzstadt hinaus.<br \/>\nDies \u00c4nderte sich schlagartig mit der Eroberung durch Aga Mohammed Khan, der Begr\u00fcnder der Kadscharendynastie im Jahre 1795, der Teheran zur persischen Hauptstadt machte. Um das Jahr 1800 rechnete man etwa 15.000 Einwohner.<br \/>\nDer Kadscharenherrscher Nasireddin Schah vergr\u00f6sserte w\u00e4hrend seiner Regierungszeit das urspr\u00fcngliche Stadtgebiet um das F\u00fcnf-fache und legte eine Stadtmauer an. Im Jahre 1900 z\u00e4hlte man etwa 250.000 Einwohner. Damit wurde Teheran zur gr\u00f6ssten Stadt Persiens, bedingt auch durch die starke Zentralisierung des Landes. Unter den Pahlavi wurde die Stadt nochmals vergr\u00f6ssert, eine Autobahn quer durch die Stadt gebaut und die alten Kadscharenansiedlungen eingeebnet.<br \/>\nIm Jahre 1976 z\u00e4hlte man bereits 4,5 Millionen Einwohner. Am 21. Oktober 1996 z\u00e4hlte Teheran bei der Volksz\u00e4hlung 6.758.845 Einwohner. Am 1. Juli 2004 lebten nach einer offiziellen Sch\u00e4tzung vom Statistical Centre of Iran 7.092.185 Menschen in der Hauptstadt.<br \/>\nSehensw\u00fcrdigkeiten<br \/>\nIn Teheran befinden sich zahlreiche Sehensw\u00fcrdigkeiten. Die meisten stammen aus der Kadscharenzeit, darunter der Golestanpalast mit dem Pfauenthron und die Schah-Mochee. Eine der bekanntesten neueren Sehensw\u00fcrdigkeiten Teherans ist der 45 m hohe Freiheitsturm, der 1971 aus Anlass der 2500-Jahrfeier des Irans aus \u00fcber 25.000 weissen in Esfahan gebrochenen Steinen errichtet wurde. Mit einem Lift gelangt man zu einer Aussichtsplattform auf den Turm, der einen herrlichen Ausblick \u00fcber die Stadt bietet. Meist sind hier auch die von Schnee bedeckten Berge des Elbrusgebirges zu erkennen. Heute gilt der Turm als Wahrzeichen des modernen Teheran.<br \/>\nAls weitere Sehensw\u00fcrdigkeit gilt der Basar von Teheran, der mit einer L\u00e4nge von knapp 10 km und \u00fcber 10.000 L\u00e4den der gr\u00f6sste Basar der Welt ist. Neben dem Arch\u00e4ologischen Museum und dem Teppichmuseum sind vor allem die als Symbole der Islamischen Republik geltenden St\u00e4tten des Grabmals des Imam Khomeini und der Friedhof Behest-e Sahra ein Muss jedes Teheranbesuchs.<br \/>\nNeben dem Flughafen MehrAbad International Airport und dem Flughafen Imam Khomeini besitzt Teheran \u00fcber \u00fcberlandbusse Anschluss an Europa. Ab dem Istanbuler Busbahnhof verkehren t\u00e4glich Linienbusse bis nach Teheran. Des Weiteren ist das hervorragende Autobahnnetz Irans mit Strassen auf mitteleurop\u00e4ischem Standard auf Teheran zentralisiert. Teheran besitzt auch einen Hauptbahnhof. Seit 1999 besitzt Teheran eine <a href=\"http:\/\/www.tehranmetro.com\" target=\"_blank\" rel=\"noopener\">U-Bahn mit f\u00fcnf Linien<\/a>, die dem Verkehrsinfarkt vorbeugen soll.<\/p>\n<div align=\"center\"><a href=\"http:\/\/www.wunderground.com\/global\/stations\/40754.html?bannertypeclick=miniWeather03\"><img decoding=\"async\" loading=\"lazy\" class=\"aligncenter\" src=\"http:\/\/banners.wunderground.com\/weathersticker\/miniWeather03_both\/language\/www\/global\/stations\/40754.gif\" alt=\"Tehran Wetter \" width=\"150\" height=\"50\" \/><\/a><br \/>\nTemperatur und Lokalzeit in Tehran<\/div>\n","protected":false},"excerpt":{"rendered":"<p>Teheran (auch Tehran) ist die Hauptstadt des Iran und der gleichnamigen Provinz. Der Name leitet sich wohl vom altpersischen Wort &#8222;tehran&#8220;, was soviel wie warmer Ort heisst, ab. Nach offiziellen Angaben leben \u00fcber 14 Mio Menschen in der eigentlichen Stadt und \u00fcber 11 mio. in der Provinz Teheran (Stand: Juli 2004). Die Stadt liegt s\u00fcdlich [&hellip;]<\/p>\n","protected":false},"author":1,"featured_media":0,"parent":0,"menu_order":0,"comment_status":"closed","ping_status":"closed","template":"","meta":[],"translation":{"provider":"WPGlobus","version":"2.10.8","language":"de","enabled_languages":["de","fa"],"languages":{"de":{"title":true,"content":true,"excerpt":false},"fa":{"title":true,"content":true,"excerpt":false}}},"_links":{"self":[{"href":"http:\/\/farshi.de\/Farshi2018_WP\/wp-json\/wp\/v2\/pages\/42"}],"collection":[{"href":"http:\/\/farshi.de\/Farshi2018_WP\/wp-json\/wp\/v2\/pages"}],"about":[{"href":"http:\/\/farshi.de\/Farshi2018_WP\/wp-json\/wp\/v2\/types\/page"}],"author":[{"embeddable":true,"href":"http:\/\/farshi.de\/Farshi2018_WP\/wp-json\/wp\/v2\/users\/1"}],"replies":[{"embeddable":true,"href":"http:\/\/farshi.de\/Farshi2018_WP\/wp-json\/wp\/v2\/comments?post=42"}],"version-history":[{"count":4,"href":"http:\/\/farshi.de\/Farshi2018_WP\/wp-json\/wp\/v2\/pages\/42\/revisions"}],"predecessor-version":[{"id":84,"href":"http:\/\/farshi.de\/Farshi2018_WP\/wp-json\/wp\/v2\/pages\/42\/revisions\/84"}],"wp:attachment":[{"href":"http:\/\/farshi.de\/Farshi2018_WP\/wp-json\/wp\/v2\/media?parent=42"}],"curies":[{"name":"wp","href":"https:\/\/api.w.org\/{rel}","templated":true}]}}