{"id":61,"date":"2018-08-25T21:56:53","date_gmt":"2018-08-25T19:56:53","guid":{"rendered":"http:\/\/farshi.de\/Farshi2018_WP\/?page_id=61"},"modified":"2018-08-25T21:56:53","modified_gmt":"2018-08-25T19:56:53","slug":"koukou-bademnjan","status":"publish","type":"page","link":"http:\/\/farshi.de\/Farshi2018_WP\/koukou-bademnjan\/","title":{"rendered":"KouKou-Bademnjan"},"content":{"rendered":"<div align=\"center\">\n<h1><span style=\"color: blue;\">KouKou-Bademnjan \/ Auberginenpfanne<\/span><\/h1>\n<\/div>\n<p>Auf dieser Seite stelle ich ein Vegetarisches Essen mit Auberginen vor<br \/>\nDies ist das zweite Rezept meiner zuk\u00fcnftigen Rezeptesammlung.<\/p>\n<p><b>Zutaten:<\/b><\/p>\n<ul>\n<li>3 kleine Auberginen<\/li>\n<li>4 Eiern<\/li>\n<li>Salz und Pfeffer<\/li>\n<li>\u00d6l<\/li>\n<li>2 Knoblauch-zehen<\/li>\n<li>2 Lauchzweibeln oder 1 mittel grosse Zwiebel(Alternativ)<\/li>\n<\/ul>\n<p><img decoding=\"async\" src=\"http:\/\/www.farshi.de\/Farshi\/images\/Aks\/Gaza\/Kokobademjan1.jpg\" \/><\/p>\n<p><b>und so wird gekochtt:<\/b><\/p>\n<ul>\n<li>Auberginen sch\u00e4len und in Scheiben schneiden und leicht salzen, 2 Stunden ziehen lassen<\/li>\n<li>Die Auberginen bei mittlerer Hitze auf beiden Seiten braten (beim \u00d6l nicht sparsam sein)<\/li>\n<li>Gebratene Auberginen auf K\u00fcchenkrepp legen, damit das \u00fcberfl\u00fcssige \u00d6l abtropft<\/li>\n<li>Auberginen in W\u00fcrfel schneiden<\/li>\n<li>Laufzwiebeln oder Zweiblen in W\u00fcrfel schneiden und gold braun braten, kurz vorher Knoblauch dazu geben und auf dem K\u00fcchenkrepp abtropfen lassen<\/li>\n<li>Eier in einer Sch\u00fcssel aufschlagen, Auberginenst\u00fccke und Lauchzwiebeln\/Zwiebeln dazugeben<\/li>\n<li>Mit Salz und Pfeffer abschmecken<\/li>\n<li>in der Pfanne unter mittlerer Hitze stocken lassen<\/li>\n<li>Mit einem Deckel abdecken<\/li>\n<\/ul>\n<p><img decoding=\"async\" src=\"http:\/\/www.farshi.de\/Farshi\/images\/Aks\/Gaza\/Kokobademjan2.jpg\" \/><\/p>\n<p>Dazu passt t\u00fcrkisches\/Arabisches Fladenbrot, Salat oder Joghurt<\/p>\n<div align=\"center\"><img decoding=\"async\" src=\"http:\/\/www.farshi.de\/Farshi\/images\/Aks\/Gaza\/Kokobademjan3.jpg\" \/><\/p>\n<p>Guten Appetit<br \/>\nbon Appetit<br \/>\nNooshe-Jan<\/p><\/div>\n","protected":false},"excerpt":{"rendered":"<p>KouKou-Bademnjan \/ Auberginenpfanne Auf dieser Seite stelle ich ein Vegetarisches Essen mit Auberginen vor Dies ist das zweite Rezept meiner zuk\u00fcnftigen Rezeptesammlung. Zutaten: 3 kleine Auberginen 4 Eiern Salz und Pfeffer \u00d6l 2 Knoblauch-zehen 2 Lauchzweibeln oder 1 mittel grosse Zwiebel(Alternativ) und so wird gekochtt: Auberginen sch\u00e4len und in Scheiben schneiden und leicht salzen, 2 [&hellip;]<\/p>\n","protected":false},"author":1,"featured_media":0,"parent":0,"menu_order":0,"comment_status":"closed","ping_status":"closed","template":"","meta":[],"translation":{"provider":"WPGlobus","version":"2.10.8","language":"de","enabled_languages":["de","fa"],"languages":{"de":{"title":true,"content":true,"excerpt":false},"fa":{"title":false,"content":false,"excerpt":false}}},"_links":{"self":[{"href":"http:\/\/farshi.de\/Farshi2018_WP\/wp-json\/wp\/v2\/pages\/61"}],"collection":[{"href":"http:\/\/farshi.de\/Farshi2018_WP\/wp-json\/wp\/v2\/pages"}],"about":[{"href":"http:\/\/farshi.de\/Farshi2018_WP\/wp-json\/wp\/v2\/types\/page"}],"author":[{"embeddable":true,"href":"http:\/\/farshi.de\/Farshi2018_WP\/wp-json\/wp\/v2\/users\/1"}],"replies":[{"embeddable":true,"href":"http:\/\/farshi.de\/Farshi2018_WP\/wp-json\/wp\/v2\/comments?post=61"}],"version-history":[{"count":1,"href":"http:\/\/farshi.de\/Farshi2018_WP\/wp-json\/wp\/v2\/pages\/61\/revisions"}],"predecessor-version":[{"id":62,"href":"http:\/\/farshi.de\/Farshi2018_WP\/wp-json\/wp\/v2\/pages\/61\/revisions\/62"}],"wp:attachment":[{"href":"http:\/\/farshi.de\/Farshi2018_WP\/wp-json\/wp\/v2\/media?parent=61"}],"curies":[{"name":"wp","href":"https:\/\/api.w.org\/{rel}","templated":true}]}}